{"id":19,"date":"2024-11-24T12:07:26","date_gmt":"2024-11-24T11:07:26","guid":{"rendered":"https:\/\/kogus.io\/?page_id=19"},"modified":"2024-11-27T15:27:59","modified_gmt":"2024-11-27T14:27:59","slug":"analyse-du-parc-informatique","status":"publish","type":"page","link":"https:\/\/kogus.io\/index.php\/analyse-du-parc-informatique\/","title":{"rendered":"Analyse du parc informatique"},"content":{"rendered":"\n<figure class=\"wp-block-image aligncenter size-large is-resized\"><img loading=\"lazy\" decoding=\"async\" width=\"1024\" height=\"957\" src=\"http:\/\/kogus.io\/wp-content\/uploads\/2024\/10\/Logo-kogus-blanc-1024x957.png\" alt=\"\" class=\"wp-image-32\" style=\"width:188px;height:auto\" srcset=\"https:\/\/kogus.io\/wp-content\/uploads\/2024\/10\/Logo-kogus-blanc-1024x957.png 1024w, https:\/\/kogus.io\/wp-content\/uploads\/2024\/10\/Logo-kogus-blanc-300x280.png 300w, https:\/\/kogus.io\/wp-content\/uploads\/2024\/10\/Logo-kogus-blanc-768x717.png 768w, https:\/\/kogus.io\/wp-content\/uploads\/2024\/10\/Logo-kogus-blanc.png 1214w\" sizes=\"auto, (max-width: 1024px) 100vw, 1024px\" \/><\/figure>\n\n\n\n<blockquote class=\"wp-block-quote is-layout-flow wp-block-quote-is-layout-flow\">\n<p>Permettre d&#8217;\u00e9valuer la conformit\u00e9 du parc informatique avec les pr\u00e9requis de d\u00e9ploiement du r\u00e9seau<\/p>\n<\/blockquote>\n\n\n\n<blockquote class=\"wp-block-quote is-layout-flow wp-block-quote-is-layout-flow\">\n<p><em>Temps n\u00e9cessaire : moins de deux minutes<\/em><\/p>\n<\/blockquote>\n\n\n\n<p>Not.IT d\u00e9veloppe actuellement une nouvelle solution de stockage de donn\u00e9es de nos clients au sein des \u00e9tudes notariales. \u200b Votre \u00e9tude \u00e9tant membre de Not.IT, nous vous sollicitons \u00e0 des fins statistiques, afin de nous permettre de collecter quelques informations sur le parc informatiques des \u00e9tudes partenaires.<\/p>\n\n\n\n<p>L&#8217;\u00e9valuation de la capacit\u00e9 du parc informatique est essentielle pour d\u00e9terminer la capacit\u00e9 et l&#8217;efficacit\u00e9 du r\u00e9seau.<\/p>\n\n\n\n<p>Aussi, nous vous remercions par avance de votre aide dans cette proc\u00e9dure rapide.<\/p>\n\n\n\n<div style=\"height:100px\" aria-hidden=\"true\" class=\"wp-block-spacer\"><\/div>\n\n\n\n<h3 class=\"wp-block-heading\">Proc\u00e9dure d&#8217;installation<\/h3>\n\n\n\n<ul class=\"wp-block-list\">\n<li>V\u00e9rifier que <strong><mark style=\"background-color:rgba(0, 0, 0, 0)\" class=\"has-inline-color has-base-color\">OUTLOOK<\/mark><\/strong> est bien d\u00e9marr\u00e9.<\/li>\n<\/ul>\n\n\n\n<div style=\"height:38px\" aria-hidden=\"true\" class=\"wp-block-spacer\"><\/div>\n\n\n\n<div class=\"wp-block-columns is-layout-flex wp-container-core-columns-is-layout-28f84493 wp-block-columns-is-layout-flex\">\n<div class=\"wp-block-column is-layout-flow wp-block-column-is-layout-flow\" style=\"flex-basis:100%\">\n<ul class=\"wp-block-list\">\n<li><strong><a href=\"https:\/\/github.com\/Not-IT-projects\/kogus.io\/releases\/download\/1.3\/kogus_script.ps1\">T\u00e9l\u00e9charger le fichier<\/a><\/strong><\/li>\n<\/ul>\n<\/div>\n<\/div>\n\n\n\n<div style=\"height:49px\" aria-hidden=\"true\" class=\"wp-block-spacer\"><\/div>\n\n\n\n<p>Il est alors n\u00e9cessaire de le lancer de cette fa\u00e7on, \u00e0 l&#8217;aide d&#8217;un clic droit :<\/p>\n\n\n\n<figure class=\"wp-block-image size-full\"><img loading=\"lazy\" decoding=\"async\" width=\"359\" height=\"362\" src=\"https:\/\/kogus.io\/wp-content\/uploads\/2024\/11\/image-20241123005118181.png\" alt=\"\" class=\"wp-image-26\" srcset=\"https:\/\/kogus.io\/wp-content\/uploads\/2024\/11\/image-20241123005118181.png 359w, https:\/\/kogus.io\/wp-content\/uploads\/2024\/11\/image-20241123005118181-298x300.png 298w, https:\/\/kogus.io\/wp-content\/uploads\/2024\/11\/image-20241123005118181-150x150.png 150w\" sizes=\"auto, (max-width: 359px) 100vw, 359px\" \/><\/figure>\n\n\n\n<p>Une fen\u00eatre d&#8217;alerte peut s&#8217;afficher comme suit :<\/p>\n\n\n\n<figure class=\"wp-block-image size-full\"><img loading=\"lazy\" decoding=\"async\" width=\"400\" height=\"349\" src=\"https:\/\/kogus.io\/wp-content\/uploads\/2024\/11\/image-20241123010224112-2.png\" alt=\"\" class=\"wp-image-22\" srcset=\"https:\/\/kogus.io\/wp-content\/uploads\/2024\/11\/image-20241123010224112-2.png 400w, https:\/\/kogus.io\/wp-content\/uploads\/2024\/11\/image-20241123010224112-2-300x262.png 300w\" sizes=\"auto, (max-width: 400px) 100vw, 400px\" \/><\/figure>\n\n\n\n<p>La fen\u00eatre suivante doit alors se lancer :<\/p>\n\n\n\n<figure class=\"wp-block-image size-full\"><img loading=\"lazy\" decoding=\"async\" width=\"723\" height=\"420\" src=\"https:\/\/kogus.io\/wp-content\/uploads\/2024\/11\/WindowsTerminal_rKJlzn8WFp.png\" alt=\"\" class=\"wp-image-25\" srcset=\"https:\/\/kogus.io\/wp-content\/uploads\/2024\/11\/WindowsTerminal_rKJlzn8WFp.png 723w, https:\/\/kogus.io\/wp-content\/uploads\/2024\/11\/WindowsTerminal_rKJlzn8WFp-300x174.png 300w\" sizes=\"auto, (max-width: 723px) 100vw, 723px\" \/><\/figure>\n\n\n\n<p>Une fois lanc\u00e9, la fen\u00eatre s&#8217;ouvre et initie automatiquement la recherche d&#8217;informations sur le poste.<\/p>\n\n\n\n<p>A la fin de l&#8217;ex\u00e9cution du script (quelques secondes), un mail pr\u00e9rempli est automatiquement g\u00e9n\u00e9r\u00e9, il ne vous reste plus qu&#8217;<strong>\u00e0 envoyer<\/strong> le mail pour que nous traitions l&#8217;information.<\/p>\n\n\n\n<p>Merci pour votre collaboration.<\/p>\n\n\n\n<p><\/p>\n\n\n\n<p>En cas de difficult\u00e9 ou de probl\u00e8me de lancement, merci de contacter <a href=\"mailto:vincent@kogus.io\">: vincent@kogus.io<\/a><\/p>\n\n\n\n<p><\/p>\n","protected":false},"excerpt":{"rendered":"<p>Permettre d&#8217;\u00e9valuer la conformit\u00e9 du parc informatique avec les pr\u00e9requis de d\u00e9ploiement du r\u00e9seau Temps n\u00e9cessaire : moins de deux minutes Not.IT d\u00e9veloppe actuellement une nouvelle solution de stockage de donn\u00e9es de nos clients au sein des \u00e9tudes notariales. \u200b Votre \u00e9tude \u00e9tant membre de Not.IT, nous vous sollicitons \u00e0 des fins statistiques, afin de [&hellip;]<\/p>\n","protected":false},"author":1,"featured_media":0,"parent":0,"menu_order":0,"comment_status":"closed","ping_status":"closed","template":"","meta":{"footnotes":""},"class_list":["post-19","page","type-page","status-publish","hentry"],"_links":{"self":[{"href":"https:\/\/kogus.io\/index.php\/wp-json\/wp\/v2\/pages\/19","targetHints":{"allow":["GET"]}}],"collection":[{"href":"https:\/\/kogus.io\/index.php\/wp-json\/wp\/v2\/pages"}],"about":[{"href":"https:\/\/kogus.io\/index.php\/wp-json\/wp\/v2\/types\/page"}],"author":[{"embeddable":true,"href":"https:\/\/kogus.io\/index.php\/wp-json\/wp\/v2\/users\/1"}],"replies":[{"embeddable":true,"href":"https:\/\/kogus.io\/index.php\/wp-json\/wp\/v2\/comments?post=19"}],"version-history":[{"count":13,"href":"https:\/\/kogus.io\/index.php\/wp-json\/wp\/v2\/pages\/19\/revisions"}],"predecessor-version":[{"id":48,"href":"https:\/\/kogus.io\/index.php\/wp-json\/wp\/v2\/pages\/19\/revisions\/48"}],"wp:attachment":[{"href":"https:\/\/kogus.io\/index.php\/wp-json\/wp\/v2\/media?parent=19"}],"curies":[{"name":"wp","href":"https:\/\/api.w.org\/{rel}","templated":true}]}}